{"id":3107,"date":"2021-11-04T09:06:35","date_gmt":"2021-11-04T08:06:35","guid":{"rendered":"https:\/\/tendancefruit.ch\/mon-compte-2\/"},"modified":"2022-06-13T11:49:15","modified_gmt":"2022-06-13T09:49:15","slug":"mon-compte","status":"publish","type":"page","link":"https:\/\/audit.tendancefruit.ch\/?page_id=3107","title":{"rendered":"Mon compte"},"content":{"rendered":"<p>[et_pb_section fb_built=\u00a0\u00bb1&Prime; _builder_version=\u00a0\u00bb4.17.3&Prime; _module_preset=\u00a0\u00bbdefault\u00a0\u00bb background_image=\u00a0\u00bbhttps:\/\/tendancefruit.ch\/wp-content\/uploads\/2022\/06\/Mangues-Pachamama.jpg\u00a0\u00bb parallax=\u00a0\u00bbon\u00a0\u00bb height=\u00a0\u00bb300px\u00a0\u00bb global_colors_info=\u00a0\u00bb{}\u00a0\u00bb][et_pb_row _builder_version=\u00a0\u00bb4.16&Prime; _module_preset=\u00a0\u00bbdefault\u00a0\u00bb width=\u00a0\u00bb90%\u00a0\u00bb max_width=\u00a0\u00bb90%\u00a0\u00bb global_colors_info=\u00a0\u00bb{}\u00a0\u00bb][et_pb_column type=\u00a0\u00bb4_4&Prime; _builder_version=\u00a0\u00bb4.16&Prime; _module_preset=\u00a0\u00bbdefault\u00a0\u00bb global_colors_info=\u00a0\u00bb{}\u00a0\u00bb][\/et_pb_column][\/et_pb_row][\/et_pb_section][et_pb_section fb_built=\u00a0\u00bb1&Prime; _builder_version=\u00a0\u00bb4.16&Prime; _module_preset=\u00a0\u00bbdefault\u00a0\u00bb global_colors_info=\u00a0\u00bb{}\u00a0\u00bb][et_pb_row column_structure=\u00a0\u00bb1_4,1_4,1_4,1_4&Prime; _builder_version=\u00a0\u00bb4.17.3&Prime; _module_preset=\u00a0\u00bbdefault\u00a0\u00bb display_conditions=\u00a0\u00bbW3siaWQiOiJkZTA2NGI1OS01MDFmLTQzMzctYWVkNC0yODRkODA5MGI3ZTAiLCJjb25kaXRpb24iOiJsb2dnZWRJblN0YXR1cyIsImNvbmRpdGlvblNldHRpbmdzIjp7ImRpc3BsYXlSdWxlIjoibG9nZ2VkSW4iLCJhZG1pbkxhYmVsIjoiTG9nZ2VkIEluIFN0YXR1cyIsImVuYWJsZUNvbmRpdGlvbiI6Im9uIn0sIm9wZXJhdG9yIjoiT1IifV0=\u00a0\u00bb global_colors_info=\u00a0\u00bb{}\u00a0\u00bb][et_pb_column type=\u00a0\u00bb1_4&Prime; _builder_version=\u00a0\u00bb4.17.3&Prime; _module_preset=\u00a0\u00bbdefault\u00a0\u00bb global_colors_info=\u00a0\u00bb{}\u00a0\u00bb][et_pb_blurb title=\u00a0\u00bbMes achats\u00a0\u00bb use_icon=\u00a0\u00bbon\u00a0\u00bb font_icon=\u00a0\u00bb&#xf07a;||fa||900&Prime; icon_color=\u00a0\u00bb#137F3C\u00a0\u00bb image_icon_width=\u00a0\u00bb56px\u00a0\u00bb _builder_version=\u00a0\u00bb4.17.4&Prime; _module_preset=\u00a0\u00bbdefault\u00a0\u00bb header_font=\u00a0\u00bbsan-miguel||||||||\u00a0\u00bb header_text_align=\u00a0\u00bbcenter\u00a0\u00bb header_text_color=\u00a0\u00bb#1C6743&Prime; header_font_size=\u00a0\u00bb26px\u00a0\u00bb custom_margin=\u00a0\u00bb||5%||false|false\u00a0\u00bb link_option_url=\u00a0\u00bbhttps:\/\/tendancefruit.ch\/mon-compte\/commandes\/\u00a0\u00bb hover_enabled=\u00a0\u00bb0&Prime; global_colors_info=\u00a0\u00bb{}\u00a0\u00bb sticky_enabled=\u00a0\u00bb0&Prime;][\/et_pb_blurb][\/et_pb_column][et_pb_column type=\u00a0\u00bb1_4&Prime; _builder_version=\u00a0\u00bb4.17.3&Prime; _module_preset=\u00a0\u00bbdefault\u00a0\u00bb global_colors_info=\u00a0\u00bb{}\u00a0\u00bb][et_pb_blurb title=\u00a0\u00bbMon adresse\u00a0\u00bb use_icon=\u00a0\u00bbon\u00a0\u00bb font_icon=\u00a0\u00bb&#xf5a0;||fa||900&Prime; icon_color=\u00a0\u00bb#137F3C\u00a0\u00bb image_icon_width=\u00a0\u00bb56px\u00a0\u00bb _builder_version=\u00a0\u00bb4.17.4&Prime; _module_preset=\u00a0\u00bbdefault\u00a0\u00bb header_font=\u00a0\u00bbsan-miguel||||||||\u00a0\u00bb header_text_align=\u00a0\u00bbcenter\u00a0\u00bb header_text_color=\u00a0\u00bb#1C6743&Prime; header_font_size=\u00a0\u00bb26px\u00a0\u00bb custom_margin=\u00a0\u00bb||5%||false|false\u00a0\u00bb link_option_url=\u00a0\u00bbhttps:\/\/tendancefruit.ch\/mon-compte\/modifier-adresses\/\u00a0\u00bb global_colors_info=\u00a0\u00bb{}\u00a0\u00bb][\/et_pb_blurb][\/et_pb_column][et_pb_column type=\u00a0\u00bb1_4&Prime; _builder_version=\u00a0\u00bb4.17.3&Prime; _module_preset=\u00a0\u00bbdefault\u00a0\u00bb global_colors_info=\u00a0\u00bb{}\u00a0\u00bb][et_pb_blurb title=\u00a0\u00bbD\u00e9tails du compte\u00a0\u00bb use_icon=\u00a0\u00bbon\u00a0\u00bb font_icon=\u00a0\u00bb&#xf2bb;||fa||400&Prime; icon_color=\u00a0\u00bb#137F3C\u00a0\u00bb image_icon_width=\u00a0\u00bb56px\u00a0\u00bb _builder_version=\u00a0\u00bb4.17.4&Prime; _module_preset=\u00a0\u00bbdefault\u00a0\u00bb header_font=\u00a0\u00bbsan-miguel||||||||\u00a0\u00bb header_text_align=\u00a0\u00bbcenter\u00a0\u00bb header_text_color=\u00a0\u00bb#1C6743&Prime; header_font_size=\u00a0\u00bb26px\u00a0\u00bb custom_margin=\u00a0\u00bb||5%||false|false\u00a0\u00bb link_option_url=\u00a0\u00bbhttps:\/\/tendancefruit.ch\/mon-compte\/modifier-compte\/\u00a0\u00bb hover_enabled=\u00a0\u00bb0&Prime; global_colors_info=\u00a0\u00bb{}\u00a0\u00bb sticky_enabled=\u00a0\u00bb0&Prime;][\/et_pb_blurb][\/et_pb_column][et_pb_column type=\u00a0\u00bb1_4&Prime; _builder_version=\u00a0\u00bb4.17.3&Prime; _module_preset=\u00a0\u00bbdefault\u00a0\u00bb global_colors_info=\u00a0\u00bb{}\u00a0\u00bb][et_pb_blurb title=\u00a0\u00bbD\u00e9connexion\u00a0\u00bb use_icon=\u00a0\u00bbon\u00a0\u00bb font_icon=\u00a0\u00bb&#xf2f5;||fa||900&Prime; icon_color=\u00a0\u00bb#137F3C\u00a0\u00bb image_icon_width=\u00a0\u00bb56px\u00a0\u00bb _builder_version=\u00a0\u00bb4.17.4&Prime; _module_preset=\u00a0\u00bbdefault\u00a0\u00bb header_font=\u00a0\u00bbsan-miguel||||||||\u00a0\u00bb header_text_align=\u00a0\u00bbcenter\u00a0\u00bb header_text_color=\u00a0\u00bb#1C6743&Prime; header_font_size=\u00a0\u00bb26px\u00a0\u00bb custom_margin=\u00a0\u00bb||5%||false|false\u00a0\u00bb link_option_url=\u00a0\u00bbhttps:\/\/tendancefruit.ch\/mon-compte\/deconnexion\/\u00a0\u00bb hover_enabled=\u00a0\u00bb0&Prime; global_colors_info=\u00a0\u00bb{}\u00a0\u00bb sticky_enabled=\u00a0\u00bb0&Prime;][\/et_pb_blurb][\/et_pb_column][\/et_pb_row][et_pb_row use_custom_gutter=\u00a0\u00bbon\u00a0\u00bb gutter_width=\u00a0\u00bb1&Prime; make_equal=\u00a0\u00bbon\u00a0\u00bb _builder_version=\u00a0\u00bb4.17.3&Prime; _module_preset=\u00a0\u00bbdefault\u00a0\u00bb max_width=\u00a0\u00bb100%\u00a0\u00bb custom_css_main_element=\u00a0\u00bbalign-items:center;\u00a0\u00bb global_colors_info=\u00a0\u00bb{}\u00a0\u00bb][et_pb_column type=\u00a0\u00bb4_4&Prime; _builder_version=\u00a0\u00bb4.17.3&Prime; _module_preset=\u00a0\u00bbdefault\u00a0\u00bb display_conditions=\u00a0\u00bbW10=\u00a0\u00bb global_colors_info=\u00a0\u00bb{}\u00a0\u00bb][et_pb_code _builder_version=\u00a0\u00bb4.17.3&Prime; _module_preset=\u00a0\u00bbdefault\u00a0\u00bb global_colors_info=\u00a0\u00bb{}\u00a0\u00bb]<div class=\"woocommerce\"><div class=\"woocommerce-notices-wrapper\"><\/div>\n\n<div class=\"u-columns col2-set\" id=\"customer_login\">\n\n\t<div class=\"u-column1 col-1\">\n\n\n\t\t<h2>Se connecter<\/h2>\n\n\t\t<form class=\"woocommerce-form woocommerce-form-login login\" method=\"post\">\n\n\t\t\t<div class=\"woo-slp-social-container\"><span><legend>Inscrivez vous ou connectez vous avec ...<\/legend><\/span>\n<div class=\"woo-slp-social-wrap\">\n\n\t\n<!-- show button -->\n<div class=\"woo-slp-login-wrapper\">\n\t\t\t<a title=\"Connect with Facebook\" data-action=\"connect\" data-plugin=\"woo-slp\" data-popupwidth=\"600\" data-popupheight=\"800\" rel=\"nofollow\" href=\"\" class=\"woo-slp-social-login-facebook\">\n\t\t\t<img decoding=\"async\" src=\"https:\/\/tendancefruit.ch\/wp-content\/plugins\/social-login-pro-woocommerce\/includes\/images\/facebook.png\" alt=\"Facebook\" \/>\n\t\t<\/a>\n\t<\/div>\n\n<!-- show button -->\n<div class=\"woo-slp-login-wrapper\">\n\t\t\t<a title=\"Connect with Google\" href=\"javascript:void(0);\" class=\"woo-slp-social-login-googleplus\">\n\t\t\t<img decoding=\"async\" src=\"https:\/\/tendancefruit.ch\/wp-content\/plugins\/social-login-pro-woocommerce\/includes\/images\/googleplus.png\" alt=\"Google\" \/>\n\t\t<\/a>\n\t<\/div>\n\n\t<div class=\"woo-slp-clear\"><\/div>\n<\/div><!--.woo-slp-social-wrap-->\n\n<div class=\"woo-slp-login-error\"><\/div><!--woo-slp-login-error-->\n\n<div class=\"woo-slp-login-loader\">\n\t<img decoding=\"async\" src=\"https:\/\/audit.tendancefruit.ch\/wp-content\/plugins\/social-login-pro-woocommerce\/includes\/images\/social-loader.gif\" alt=\"Social Loader\"\/>\n<\/div><!--.woo-slp-login-loader-->\n\n<!-- After Login Redirect To This URL -->\n<input type=\"hidden\" class=\"woo-slp-redirect-url\" id=\"woo_slp_redirect_url\" value=\"https:\/\/http:\/\/audit.tendancefruit.ch:http:\/\/443\/index.php?rest_route=%2Fwp%2Fv2%2Fpages%2F3107\" \/>\n<\/div>\n\t\t\t<p class=\"woocommerce-form-row woocommerce-form-row--wide form-row form-row-wide\">\n\t\t\t\t<label for=\"username\">Identifiant ou e-mail&nbsp;<span class=\"required\">*<\/span><\/label>\n\t\t\t\t<input type=\"text\" class=\"woocommerce-Input woocommerce-Input--text input-text\" name=\"username\" id=\"username\" autocomplete=\"username\" value=\"\" \/>\t\t\t<\/p>\n\t\t\t<p class=\"woocommerce-form-row woocommerce-form-row--wide form-row form-row-wide\">\n\t\t\t\t<label for=\"password\">Mot de passe&nbsp;<span class=\"required\">*<\/span><\/label>\n\t\t\t\t<input class=\"woocommerce-Input woocommerce-Input--text input-text\" type=\"password\" name=\"password\" id=\"password\" autocomplete=\"current-password\" \/>\n\t\t\t<\/p>\n\n\t\t\t\n\t\t\t<p class=\"form-row\">\n\t\t\t\t<label class=\"woocommerce-form__label woocommerce-form__label-for-checkbox woocommerce-form-login__rememberme\">\n\t\t\t\t\t<input class=\"woocommerce-form__input woocommerce-form__input-checkbox\" name=\"rememberme\" type=\"checkbox\" id=\"rememberme\" value=\"forever\" \/> <span>Se souvenir de moi<\/span>\n\t\t\t\t<\/label>\n\t\t\t\t<input type=\"hidden\" id=\"woocommerce-login-nonce\" name=\"woocommerce-login-nonce\" value=\"75f6262fc8\" \/><input type=\"hidden\" name=\"_wp_http_referer\" value=\"\/index.php?rest_route=%2Fwp%2Fv2%2Fpages%2F3107\" \/>\t\t\t\t<button type=\"submit\" class=\"woocommerce-button button woocommerce-form-login__submit\" name=\"login\" value=\"Se connecter\">Se connecter<\/button>\n\t\t\t<\/p>\n\t\t\t<p class=\"woocommerce-LostPassword lost_password\">\n\t\t\t\t<a href=\"https:\/\/audit.tendancefruit.ch\/?page_id=3107&#038;mdp-perdu\">Mot de passe perdu\u00a0?<\/a>\n\t\t\t<\/p>\n\n\t\t\t\n\t\t<\/form>\n\n\n\t<\/div>\n\n\t<div class=\"u-column2 col-2\">\n\n\t\t<h2>S&rsquo;enregistrer<\/h2>\n\n\t\t<form method=\"post\" class=\"woocommerce-form woocommerce-form-register register\"  >\n\n\t\t\t<div class=\"woo-slp-social-container\"><span><legend>Inscrivez vous ou connectez vous avec ...<\/legend><\/span>\n<div class=\"woo-slp-social-wrap\">\n\n\t\n<!-- show button -->\n<div class=\"woo-slp-login-wrapper\">\n\t\t\t<a title=\"Connect with Facebook\" data-action=\"connect\" data-plugin=\"woo-slp\" data-popupwidth=\"600\" data-popupheight=\"800\" rel=\"nofollow\" href=\"\" class=\"woo-slp-social-login-facebook\">\n\t\t\t<img decoding=\"async\" src=\"https:\/\/tendancefruit.ch\/wp-content\/plugins\/social-login-pro-woocommerce\/includes\/images\/facebook.png\" alt=\"Facebook\" \/>\n\t\t<\/a>\n\t<\/div>\n\n<!-- show button -->\n<div class=\"woo-slp-login-wrapper\">\n\t\t\t<a title=\"Connect with Google\" href=\"javascript:void(0);\" class=\"woo-slp-social-login-googleplus\">\n\t\t\t<img decoding=\"async\" src=\"https:\/\/tendancefruit.ch\/wp-content\/plugins\/social-login-pro-woocommerce\/includes\/images\/googleplus.png\" alt=\"Google\" \/>\n\t\t<\/a>\n\t<\/div>\n\n\t<div class=\"woo-slp-clear\"><\/div>\n<\/div><!--.woo-slp-social-wrap-->\n\n<div class=\"woo-slp-login-error\"><\/div><!--woo-slp-login-error-->\n\n<div class=\"woo-slp-login-loader\">\n\t<img decoding=\"async\" src=\"https:\/\/audit.tendancefruit.ch\/wp-content\/plugins\/social-login-pro-woocommerce\/includes\/images\/social-loader.gif\" alt=\"Social Loader\"\/>\n<\/div><!--.woo-slp-login-loader-->\n\n<!-- After Login Redirect To This URL -->\n<input type=\"hidden\" class=\"woo-slp-redirect-url\" id=\"woo_slp_redirect_url\" value=\"https:\/\/http:\/\/audit.tendancefruit.ch:http:\/\/443\/index.php?rest_route=%2Fwp%2Fv2%2Fpages%2F3107\" \/>\n<\/div>\n\t\t\t\n\t\t\t<p class=\"woocommerce-form-row woocommerce-form-row--wide form-row form-row-wide\">\n\t\t\t\t<label for=\"reg_email\">E-mail&nbsp;<span class=\"required\">*<\/span><\/label>\n\t\t\t\t<input type=\"email\" class=\"woocommerce-Input woocommerce-Input--text input-text\" name=\"email\" id=\"reg_email\" autocomplete=\"email\" value=\"\" \/>\t\t\t<\/p>\n\n\t\t\t\n\t\t\t\t<p>Un lien permettant de d\u00e9finir un nouveau mot de passe sera envoy\u00e9 \u00e0 votre adresse e-mail.<\/p>\n\n\t\t\t\n\t\t\t<input type=\"hidden\" name=\"wc_order_attribution_type\" value=\"\" \/><input type=\"hidden\" name=\"wc_order_attribution_url\" value=\"\" \/><input type=\"hidden\" name=\"wc_order_attribution_utm_campaign\" value=\"\" \/><input type=\"hidden\" name=\"wc_order_attribution_utm_source\" value=\"\" \/><input type=\"hidden\" name=\"wc_order_attribution_utm_medium\" value=\"\" \/><input type=\"hidden\" name=\"wc_order_attribution_utm_content\" value=\"\" \/><input type=\"hidden\" name=\"wc_order_attribution_utm_id\" value=\"\" \/><input type=\"hidden\" name=\"wc_order_attribution_utm_term\" value=\"\" \/><input type=\"hidden\" name=\"wc_order_attribution_session_entry\" value=\"\" \/><input type=\"hidden\" name=\"wc_order_attribution_session_start_time\" value=\"\" \/><input type=\"hidden\" name=\"wc_order_attribution_session_pages\" value=\"\" \/><input type=\"hidden\" name=\"wc_order_attribution_session_count\" value=\"\" \/><input type=\"hidden\" name=\"wc_order_attribution_user_agent\" value=\"\" \/><div class=\"woocommerce-privacy-policy-text\"><p>Vos donn\u00e9es personnelles seront utilis\u00e9es pour vous accompagner au cours de votre visite du site web, g\u00e9rer l\u2019acc\u00e8s \u00e0 votre compte, et pour d\u2019autres raisons d\u00e9crites dans notre <a href=\"https:\/\/audit.tendancefruit.ch\/?page_id=3\" class=\"woocommerce-privacy-policy-link\" target=\"_blank\">politique de confidentialit\u00e9<\/a>.<\/p>\n<\/div>\n\t\t\t<p class=\"woocommerce-form-row form-row\">\n\t\t\t\t<input type=\"hidden\" id=\"woocommerce-register-nonce\" name=\"woocommerce-register-nonce\" value=\"83a586d077\" \/><input type=\"hidden\" name=\"_wp_http_referer\" value=\"\/index.php?rest_route=%2Fwp%2Fv2%2Fpages%2F3107\" \/>\t\t\t\t<button type=\"submit\" class=\"woocommerce-Button woocommerce-button button woocommerce-form-register__submit\" name=\"register\" value=\"S&rsquo;enregistrer\">S&rsquo;enregistrer<\/button>\n\t\t\t<\/p>\n\n\t\t\t\n\t\t<\/form>\n\n\t<\/div>\n\n<\/div>\n\n<\/div>[\/et_pb_code][\/et_pb_column][\/et_pb_row][\/et_pb_section]<\/p>\n","protected":false},"excerpt":{"rendered":"<div class=\"woocommerce\"><div class=\"woocommerce-notices-wrapper\"><\/div>\n\n<div class=\"u-columns col2-set\" id=\"customer_login\">\n\n\t<div class=\"u-column1 col-1\">\n\n\n\t\t<h2>Se connecter<\/h2>\n\n\t\t<form class=\"woocommerce-form woocommerce-form-login login\" method=\"post\">\n\n\t\t\t<div class=\"woo-slp-social-container\"><span><legend>Inscrivez vous ou connectez vous avec ...<\/legend><\/span>\n<div class=\"woo-slp-social-wrap\">\n\n\t\n<!-- show button -->\n<div class=\"woo-slp-login-wrapper\">\n\t\t\t<a title=\"Connect with Facebook\" data-action=\"connect\" data-plugin=\"woo-slp\" data-popupwidth=\"600\" data-popupheight=\"800\" rel=\"nofollow\" href=\"\" class=\"woo-slp-social-login-facebook\">\n\t\t\t<img decoding=\"async\" src=\"https:\/\/tendancefruit.ch\/wp-content\/plugins\/social-login-pro-woocommerce\/includes\/images\/facebook.png\" alt=\"Facebook\" \/>\n\t\t<\/a>\n\t<\/div>\n\n<!-- show button -->\n<div class=\"woo-slp-login-wrapper\">\n\t\t\t<a title=\"Connect with Google\" href=\"javascript:void(0);\" class=\"woo-slp-social-login-googleplus\">\n\t\t\t<img decoding=\"async\" src=\"https:\/\/tendancefruit.ch\/wp-content\/plugins\/social-login-pro-woocommerce\/includes\/images\/googleplus.png\" alt=\"Google\" \/>\n\t\t<\/a>\n\t<\/div>\n\n\t<div class=\"woo-slp-clear\"><\/div>\n<\/div><!--.woo-slp-social-wrap-->\n\n<div class=\"woo-slp-login-error\"><\/div><!--woo-slp-login-error-->\n\n<div class=\"woo-slp-login-loader\">\n\t<img decoding=\"async\" src=\"https:\/\/audit.tendancefruit.ch\/wp-content\/plugins\/social-login-pro-woocommerce\/includes\/images\/social-loader.gif\" alt=\"Social Loader\"\/>\n<\/div><!--.woo-slp-login-loader-->\n\n<!-- After Login Redirect To This URL -->\n<input type=\"hidden\" class=\"woo-slp-redirect-url\" id=\"woo_slp_redirect_url\" value=\"https:\/\/http:\/\/audit.tendancefruit.ch:http:\/\/443\/index.php?rest_route=%2Fwp%2Fv2%2Fpages%2F3107\" \/>\n<\/div>\n\t\t\t<p class=\"woocommerce-form-row woocommerce-form-row--wide form-row form-row-wide\">\n\t\t\t\t<label for=\"username\">Identifiant ou e-mail&nbsp;<span class=\"required\">*<\/span><\/label>\n\t\t\t\t<input type=\"text\" class=\"woocommerce-Input woocommerce-Input--text input-text\" name=\"username\" id=\"username\" autocomplete=\"username\" value=\"\" \/>\t\t\t<\/p>\n\t\t\t<p class=\"woocommerce-form-row woocommerce-form-row--wide form-row form-row-wide\">\n\t\t\t\t<label for=\"password\">Mot de passe&nbsp;<span class=\"required\">*<\/span><\/label>\n\t\t\t\t<input class=\"woocommerce-Input woocommerce-Input--text input-text\" type=\"password\" name=\"password\" id=\"password\" autocomplete=\"current-password\" \/>\n\t\t\t<\/p>\n\n\t\t\t\n\t\t\t<p class=\"form-row\">\n\t\t\t\t<label class=\"woocommerce-form__label woocommerce-form__label-for-checkbox woocommerce-form-login__rememberme\">\n\t\t\t\t\t<input class=\"woocommerce-form__input woocommerce-form__input-checkbox\" name=\"rememberme\" type=\"checkbox\" id=\"rememberme\" value=\"forever\" \/> <span>Se souvenir de moi<\/span>\n\t\t\t\t<\/label>\n\t\t\t\t<input type=\"hidden\" id=\"woocommerce-login-nonce\" name=\"woocommerce-login-nonce\" value=\"75f6262fc8\" \/><input type=\"hidden\" name=\"_wp_http_referer\" value=\"\/index.php?rest_route=%2Fwp%2Fv2%2Fpages%2F3107\" \/>\t\t\t\t<button type=\"submit\" class=\"woocommerce-button button woocommerce-form-login__submit\" name=\"login\" value=\"Se connecter\">Se connecter<\/button>\n\t\t\t<\/p>\n\t\t\t<p class=\"woocommerce-LostPassword lost_password\">\n\t\t\t\t<a href=\"https:\/\/audit.tendancefruit.ch\/?page_id=3107&#038;mdp-perdu\">Mot de passe perdu\u00a0?<\/a>\n\t\t\t<\/p>\n\n\t\t\t\n\t\t<\/form>\n\n\n\t<\/div>\n\n\t<div class=\"u-column2 col-2\">\n\n\t\t<h2>S&rsquo;enregistrer<\/h2>\n\n\t\t<form method=\"post\" class=\"woocommerce-form woocommerce-form-register register\"  >\n\n\t\t\t<div class=\"woo-slp-social-container\"><span><legend>Inscrivez vous ou connectez vous avec ...<\/legend><\/span>\n<div class=\"woo-slp-social-wrap\">\n\n\t\n<!-- show button -->\n<div class=\"woo-slp-login-wrapper\">\n\t\t\t<a title=\"Connect with Facebook\" data-action=\"connect\" data-plugin=\"woo-slp\" data-popupwidth=\"600\" data-popupheight=\"800\" rel=\"nofollow\" href=\"\" class=\"woo-slp-social-login-facebook\">\n\t\t\t<img decoding=\"async\" src=\"https:\/\/tendancefruit.ch\/wp-content\/plugins\/social-login-pro-woocommerce\/includes\/images\/facebook.png\" alt=\"Facebook\" \/>\n\t\t<\/a>\n\t<\/div>\n\n<!-- show button -->\n<div class=\"woo-slp-login-wrapper\">\n\t\t\t<a title=\"Connect with Google\" href=\"javascript:void(0);\" class=\"woo-slp-social-login-googleplus\">\n\t\t\t<img decoding=\"async\" src=\"https:\/\/tendancefruit.ch\/wp-content\/plugins\/social-login-pro-woocommerce\/includes\/images\/googleplus.png\" alt=\"Google\" \/>\n\t\t<\/a>\n\t<\/div>\n\n\t<div class=\"woo-slp-clear\"><\/div>\n<\/div><!--.woo-slp-social-wrap-->\n\n<div class=\"woo-slp-login-error\"><\/div><!--woo-slp-login-error-->\n\n<div class=\"woo-slp-login-loader\">\n\t<img decoding=\"async\" src=\"https:\/\/audit.tendancefruit.ch\/wp-content\/plugins\/social-login-pro-woocommerce\/includes\/images\/social-loader.gif\" alt=\"Social Loader\"\/>\n<\/div><!--.woo-slp-login-loader-->\n\n<!-- After Login Redirect To This URL -->\n<input type=\"hidden\" class=\"woo-slp-redirect-url\" id=\"woo_slp_redirect_url\" value=\"https:\/\/http:\/\/audit.tendancefruit.ch:http:\/\/443\/index.php?rest_route=%2Fwp%2Fv2%2Fpages%2F3107\" \/>\n<\/div>\n\t\t\t\n\t\t\t<p class=\"woocommerce-form-row woocommerce-form-row--wide form-row form-row-wide\">\n\t\t\t\t<label for=\"reg_email\">E-mail&nbsp;<span class=\"required\">*<\/span><\/label>\n\t\t\t\t<input type=\"email\" class=\"woocommerce-Input woocommerce-Input--text input-text\" name=\"email\" id=\"reg_email\" autocomplete=\"email\" value=\"\" \/>\t\t\t<\/p>\n\n\t\t\t\n\t\t\t\t<p>Un lien permettant de d\u00e9finir un nouveau mot de passe sera envoy\u00e9 \u00e0 votre adresse e-mail.<\/p>\n\n\t\t\t\n\t\t\t<input type=\"hidden\" name=\"wc_order_attribution_type\" value=\"\" \/><input type=\"hidden\" name=\"wc_order_attribution_url\" value=\"\" \/><input type=\"hidden\" name=\"wc_order_attribution_utm_campaign\" value=\"\" \/><input type=\"hidden\" name=\"wc_order_attribution_utm_source\" value=\"\" \/><input type=\"hidden\" name=\"wc_order_attribution_utm_medium\" value=\"\" \/><input type=\"hidden\" name=\"wc_order_attribution_utm_content\" value=\"\" \/><input type=\"hidden\" name=\"wc_order_attribution_utm_id\" value=\"\" \/><input type=\"hidden\" name=\"wc_order_attribution_utm_term\" value=\"\" \/><input type=\"hidden\" name=\"wc_order_attribution_session_entry\" value=\"\" \/><input type=\"hidden\" name=\"wc_order_attribution_session_start_time\" value=\"\" \/><input type=\"hidden\" name=\"wc_order_attribution_session_pages\" value=\"\" \/><input type=\"hidden\" name=\"wc_order_attribution_session_count\" value=\"\" \/><input type=\"hidden\" name=\"wc_order_attribution_user_agent\" value=\"\" \/><div class=\"woocommerce-privacy-policy-text\"><p>Vos donn\u00e9es personnelles seront utilis\u00e9es pour vous accompagner au cours de votre visite du site web, g\u00e9rer l\u2019acc\u00e8s \u00e0 votre compte, et pour d\u2019autres raisons d\u00e9crites dans notre <a href=\"https:\/\/audit.tendancefruit.ch\/?page_id=3\" class=\"woocommerce-privacy-policy-link\" target=\"_blank\">politique de confidentialit\u00e9<\/a>.<\/p>\n<\/div>\n\t\t\t<p class=\"woocommerce-form-row form-row\">\n\t\t\t\t<input type=\"hidden\" id=\"woocommerce-register-nonce\" name=\"woocommerce-register-nonce\" value=\"83a586d077\" \/><input type=\"hidden\" name=\"_wp_http_referer\" value=\"\/index.php?rest_route=%2Fwp%2Fv2%2Fpages%2F3107\" \/>\t\t\t\t<button type=\"submit\" class=\"woocommerce-Button woocommerce-button button woocommerce-form-register__submit\" name=\"register\" value=\"S&rsquo;enregistrer\">S&rsquo;enregistrer<\/button>\n\t\t\t<\/p>\n\n\t\t\t\n\t\t<\/form>\n\n\t<\/div>\n\n<\/div>\n\n<\/div>\n","protected":false},"author":1,"featured_media":0,"parent":0,"menu_order":0,"comment_status":"closed","ping_status":"closed","template":"","meta":{"_et_pb_use_builder":"on","_et_pb_old_content":"<!-- wp:shortcode -->\n[woocommerce_my_account]\n<!-- \/wp:shortcode -->","_et_gb_content_width":"","_monsterinsights_skip_tracking":false,"_monsterinsights_sitenote_active":false,"_monsterinsights_sitenote_note":"","_monsterinsights_sitenote_category":0,"footnotes":""},"aioseo_notices":[],"_links":{"self":[{"href":"https:\/\/audit.tendancefruit.ch\/index.php?rest_route=\/wp\/v2\/pages\/3107"}],"collection":[{"href":"https:\/\/audit.tendancefruit.ch\/index.php?rest_route=\/wp\/v2\/pages"}],"about":[{"href":"https:\/\/audit.tendancefruit.ch\/index.php?rest_route=\/wp\/v2\/types\/page"}],"author":[{"embeddable":true,"href":"https:\/\/audit.tendancefruit.ch\/index.php?rest_route=\/wp\/v2\/users\/1"}],"replies":[{"embeddable":true,"href":"https:\/\/audit.tendancefruit.ch\/index.php?rest_route=%2Fwp%2Fv2%2Fcomments&post=3107"}],"version-history":[{"count":5,"href":"https:\/\/audit.tendancefruit.ch\/index.php?rest_route=\/wp\/v2\/pages\/3107\/revisions"}],"predecessor-version":[{"id":370647,"href":"https:\/\/audit.tendancefruit.ch\/index.php?rest_route=\/wp\/v2\/pages\/3107\/revisions\/370647"}],"wp:attachment":[{"href":"https:\/\/audit.tendancefruit.ch\/index.php?rest_route=%2Fwp%2Fv2%2Fmedia&parent=3107"}],"curies":[{"name":"wp","href":"https:\/\/api.w.org\/{rel}","templated":true}]}}